{"id":33,"date":"2024-02-02T15:01:17","date_gmt":"2024-02-02T14:01:17","guid":{"rendered":"https:\/\/familiasanchezmoro.com\/?page_id=33"},"modified":"2024-02-02T15:01:18","modified_gmt":"2024-02-02T14:01:18","slug":"sello-editorial","status":"publish","type":"page","link":"https:\/\/familiasanchezmoro.com\/index.php\/sello-editorial\/","title":{"rendered":"Sello Editorial"},"content":{"rendered":"\n<div class=\"wp-block-group alignfull has-accent-2-background-color has-background has-global-padding is-layout-constrained wp-container-core-group-is-layout-669513ed wp-block-group-is-layout-constrained\" style=\"margin-top:0;margin-bottom:0;padding-top:var(--wp--preset--spacing--50);padding-right:var(--wp--preset--spacing--50);padding-bottom:var(--wp--preset--spacing--50);padding-left:var(--wp--preset--spacing--50)\">\n<div class=\"wp-block-columns alignwide is-layout-flex wp-container-core-columns-is-layout-28f84493 wp-block-columns-is-layout-flex\">\n<div class=\"wp-block-column is-layout-flow wp-block-column-is-layout-flow\" style=\"flex-basis:40%\">\n<p class=\"has-contrast-color has-text-color has-link-color wp-elements-d5bce2a8ab98c36519e0421910fb71ac wp-container-content-0733e5d0\"><strong>Editando Ideas, editando Culturas<\/strong><\/p>\n<\/div>\n\n\n\n<div class=\"wp-block-column is-layout-flow wp-block-column-is-layout-flow\" style=\"flex-basis:60%\">\n<p class=\"has-contrast-color has-text-color has-link-color has-heading-font-family has-x-large-font-size wp-elements-b98ff401a12fc1df73cdece823b820a9\" style=\"line-height:1.2\">Como parte de sus Fines Culturales y Altruistas la Familia S\u00e1nchez-Moro edita varias publicaciones que pretenden aportar un valor formativo y cultural a la Sociedad Asturiana e Internacional.<\/p>\n<\/div>\n<\/div>\n\n\n\n<div style=\"height:var(--wp--preset--spacing--40)\" aria-hidden=\"true\" class=\"wp-block-spacer\"><\/div>\n\n\n\n<figure class=\"wp-block-gallery alignwide has-nested-images columns-default is-cropped wp-block-gallery-2 is-layout-flex wp-block-gallery-is-layout-flex\">\n<figure class=\"wp-block-image size-large is-style-rounded is-style-rounded--1\"><img loading=\"lazy\" decoding=\"async\" width=\"880\" height=\"495\" data-id=\"34\" src=\"https:\/\/familiasanchezmoro.com\/wp-content\/uploads\/2024\/02\/vicepresidente-libro.jpg\" alt=\"Miguel Dongil en la presentaci\u00f3n de un libro en el Colegio Oficial de M\u00e9dicos de Asturias\" class=\"wp-image-34\" srcset=\"https:\/\/familiasanchezmoro.com\/wp-content\/uploads\/2024\/02\/vicepresidente-libro.jpg 880w, https:\/\/familiasanchezmoro.com\/wp-content\/uploads\/2024\/02\/vicepresidente-libro-300x169.jpg 300w, https:\/\/familiasanchezmoro.com\/wp-content\/uploads\/2024\/02\/vicepresidente-libro-768x432.jpg 768w\" sizes=\"auto, (max-width: 880px) 100vw, 880px\" \/><\/figure>\n<\/figure>\n<\/div>\n\n\n\n<div class=\"wp-block-group alignfull has-base-background-color has-background has-global-padding is-layout-constrained wp-container-core-group-is-layout-d89aad35 wp-block-group-is-layout-constrained\" style=\"margin-top:0;margin-bottom:0;padding-top:var(--wp--preset--spacing--50);padding-right:var(--wp--preset--spacing--50);padding-bottom:var(--wp--preset--spacing--50);padding-left:var(--wp--preset--spacing--50)\">\n<div class=\"wp-block-columns alignwide is-layout-flex wp-container-core-columns-is-layout-549b0c86 wp-block-columns-is-layout-flex\">\n<div class=\"wp-block-column has-global-padding is-content-justification-left is-layout-constrained wp-container-core-column-is-layout-4f15e8fe wp-block-column-is-layout-constrained\" style=\"flex-basis:40%\">\n<p class=\"has-contrast-color has-text-color has-link-color wp-elements-59a021e9dda19611d5dc402cd69df61c\">Actualmente, se editan una revista acad\u00e9mica y un diario digital.<\/p>\n<\/div>\n\n\n\n<div class=\"wp-block-column is-layout-flow wp-container-core-column-is-layout-119bc444 wp-block-column-is-layout-flow\" style=\"flex-basis:60%\">\n<p class=\"has-contrast-color has-text-color has-link-color has-heading-font-family has-x-large-font-size wp-elements-321ffb3dcc79c8ed0c601a67e6a204ad\" style=\"line-height:1.2\">Con una meticulosa atenci\u00f3n al detalle y un compromiso con la excelencia, la Revista <em>Tiempos Historiados<\/em> y el Diario <em>Los Cristianismos<\/em> pretenden ser un referente en sus respectivos \u00e1mbitos.<\/p>\n\n\n\n<div class=\"wp-block-columns is-layout-flex wp-container-core-columns-is-layout-87beb0d0 wp-block-columns-is-layout-flex\">\n<div class=\"wp-block-column is-layout-flow wp-block-column-is-layout-flow\">\n<p class=\"has-contrast-color has-text-color has-link-color wp-elements-388a847c09ff79142d60852c468c9176 wp-container-content-9cfa9a5a\">En concreto, es el Vicepresidente de la Asociaci\u00f3n, el Dr. Miguel Dongil y S\u00e1nchez el responsable de Dirigir ambos proyectos editoriales.<\/p>\n\n\n\n<p class=\"has-contrast-color has-text-color has-link-color wp-elements-1e7315c2c74eb1c2455cb175ed4a23c8 wp-container-content-9cfa9a5a\">Est\u00e1 previsto, en pr\u00f3ximos meses, la eventual edici\u00f3n de varios libros de nuevos autores que son una promesa en el \u00e1mbito de la concienciaci\u00f3n social, la espiritualidad y la cooperaci\u00f3n. <\/p>\n<\/div>\n\n\n\n<div class=\"wp-block-column is-layout-flow wp-block-column-is-layout-flow\">\n<p class=\"has-contrast-color has-text-color has-link-color wp-elements-5c1b88c631e4941efcbd32f27cae94c4\">La labor en el \u00e1mbito cultural est\u00e1 siendo uno de los aspectos en el que la Asociaci\u00f3n m\u00e1s est\u00e1 contribuyendo en los \u00faltimos a\u00f1os, gracias a la labor de su Vicepresidente como Escritor, Doctor en Historia y Consultor Internacional en Educaci\u00f3n.<\/p>\n<\/div>\n<\/div>\n<\/div>\n<\/div>\n<\/div>\n\n\n\n<div class=\"wp-block-cover alignfull is-light has-parallax\" style=\"padding-top:var(--wp--preset--spacing--50);padding-right:var(--wp--preset--spacing--50);padding-bottom:var(--wp--preset--spacing--50);padding-left:var(--wp--preset--spacing--50);min-height:100vh;aspect-ratio:unset;\"><span aria-hidden=\"true\" class=\"wp-block-cover__background has-base-background-color has-background-dim-0 has-background-dim\"><\/span><div role=\"img\" class=\"wp-block-cover__image-background wp-image-35 has-parallax\" style=\"background-position:50% 50%;background-image:url(https:\/\/familiasanchezmoro.com\/wp-content\/uploads\/2024\/02\/vicepresidente-television.jpg)\"><\/div><div class=\"wp-block-cover__inner-container has-global-padding is-layout-constrained wp-container-core-cover-is-layout-e4fd886c wp-block-cover-is-layout-constrained\">\n<div style=\"height:500px\" aria-hidden=\"true\" class=\"wp-block-spacer\"><\/div>\n<\/div><\/div>\n\n\n\n<div class=\"wp-block-group alignfull has-base-2-background-color has-background has-global-padding is-layout-constrained wp-container-core-group-is-layout-7cd14b77 wp-block-group-is-layout-constrained\" style=\"margin-top:0;margin-bottom:0;padding-top:var(--wp--preset--spacing--60);padding-right:var(--wp--preset--spacing--60);padding-bottom:var(--wp--preset--spacing--60);padding-left:var(--wp--preset--spacing--60)\">\n<div class=\"wp-block-group alignwide is-layout-flow wp-block-group-is-layout-flow\">\n<div style=\"height:var(--wp--preset--spacing--50)\" aria-hidden=\"true\" class=\"wp-block-spacer\"><\/div>\n\n\n\n<p class=\"has-text-align-center has-heading-font-family has-x-large-font-size\" style=\"font-style:normal;font-weight:400;line-height:1.2\">Desde la Familia S\u00e1nchez-Moro editamos ideas que aporten valor a la Sociedad y fomenten una cultura de comprensi\u00f3n, encuentro y desarrollo.<\/p>\n\n\n\n<div style=\"height:var(--wp--preset--spacing--50)\" aria-hidden=\"true\" class=\"wp-block-spacer\"><\/div>\n<\/div>\n<\/div>\n\n\n\n<div class=\"wp-block-group alignfull has-base-2-color has-contrast-background-color has-text-color has-background has-link-color wp-elements-213fec634b945bf8561d5855d0200e7e has-global-padding is-layout-constrained wp-container-core-group-is-layout-facafb6f wp-block-group-is-layout-constrained\" style=\"margin-top:0;margin-bottom:0;padding-top:var(--wp--preset--spacing--50);padding-right:var(--wp--preset--spacing--50);padding-bottom:var(--wp--preset--spacing--50);padding-left:var(--wp--preset--spacing--50)\">\n<div class=\"wp-block-columns alignwide is-layout-flex wp-container-core-columns-is-layout-d1c656ed wp-block-columns-is-layout-flex\">\n<div class=\"wp-block-column is-vertically-aligned-stretch is-layout-flow wp-block-column-is-layout-flow\" style=\"padding-right:0;flex-basis:60%\">\n<div class=\"wp-block-group is-vertical is-content-justification-stretch is-layout-flex wp-container-core-group-is-layout-ae24f51d wp-block-group-is-layout-flex\" style=\"min-height:100%\">\n<figure class=\"wp-block-image size-large is-style-rounded is-style-rounded--3\"><a href=\"https:\/\/www.tiemposdehistoria.org\/p\/revista.html\" target=\"_blank\" rel=\"noreferrer noopener\"><img loading=\"lazy\" decoding=\"async\" width=\"724\" height=\"1024\" src=\"https:\/\/familiasanchezmoro.com\/wp-content\/uploads\/2024\/02\/revista-tiempos-historiados-724x1024.png\" alt=\"Portada de la Revista Tiempos Historiados\" class=\"wp-image-36\" style=\"aspect-ratio:9\/16;object-fit:cover\" srcset=\"https:\/\/familiasanchezmoro.com\/wp-content\/uploads\/2024\/02\/revista-tiempos-historiados-724x1024.png 724w, https:\/\/familiasanchezmoro.com\/wp-content\/uploads\/2024\/02\/revista-tiempos-historiados-212x300.png 212w, https:\/\/familiasanchezmoro.com\/wp-content\/uploads\/2024\/02\/revista-tiempos-historiados-768x1086.png 768w, https:\/\/familiasanchezmoro.com\/wp-content\/uploads\/2024\/02\/revista-tiempos-historiados.png 850w\" sizes=\"auto, (max-width: 724px) 100vw, 724px\" \/><\/a><\/figure>\n\n\n\n<p class=\"has-medium-font-size\"><\/p>\n<\/div>\n<\/div>\n\n\n\n<div class=\"wp-block-column is-layout-flow wp-block-column-is-layout-flow\" style=\"flex-basis:40%\">\n<div class=\"wp-block-group has-global-padding is-layout-constrained wp-block-group-is-layout-constrained\">\n<p class=\"has-base-color has-text-color has-link-color has-large-font-size wp-elements-4fae610e73ea47168bd8779cede4c53c\" style=\"font-style:normal;font-weight:500;line-height:1.2\">La Revista Tiempos Historiados, naci\u00f3 en 2015 y cuenta con lectores a lo largo de todo el Planeta. Se difunde gratuitamente y su acceso en <a href=\"https:\/\/www.tiemposdehistoria.org\/p\/revista.html\" target=\"_blank\" rel=\"noreferrer noopener\">online<\/a>.<\/p>\n\n\n\n<div style=\"height:var(--wp--preset--spacing--40)\" aria-hidden=\"true\" class=\"wp-block-spacer\"><\/div>\n\n\n\n<div class=\"wp-block-group is-layout-flow wp-block-group-is-layout-flow\">\n<p class=\"has-base-color has-text-color has-link-color has-medium-font-size wp-elements-07334eb2605f35fad4e78a8f53cb3f75\">El diario <em><a href=\"https:\/\/loscristianismos.org\/\" target=\"_blank\" rel=\"noreferrer noopener\">LOS CRISTIANISMOS<\/a><\/em> aporta una mirada plural a la realidad espiritual internacional<\/p>\n\n\n\n<figure class=\"wp-block-image size-full is-style-rounded is-style-rounded--4\"><a href=\"https:\/\/loscristianismos.org\/\" target=\"_blank\" rel=\"noreferrer noopener\"><img loading=\"lazy\" decoding=\"async\" width=\"677\" height=\"450\" src=\"https:\/\/familiasanchezmoro.com\/wp-content\/uploads\/2024\/02\/los-cristianismos.jpg\" alt=\"El Diario Los Cristianismos, plural e independiente\" class=\"wp-image-38\" style=\"aspect-ratio:9\/16;object-fit:cover\" srcset=\"https:\/\/familiasanchezmoro.com\/wp-content\/uploads\/2024\/02\/los-cristianismos.jpg 677w, https:\/\/familiasanchezmoro.com\/wp-content\/uploads\/2024\/02\/los-cristianismos-300x199.jpg 300w\" sizes=\"auto, (max-width: 677px) 100vw, 677px\" \/><\/a><\/figure>\n<\/div>\n<\/div>\n<\/div>\n<\/div>\n<\/div>\n","protected":false},"excerpt":{"rendered":"<p>Editando Ideas, editando Culturas Como parte de sus Fines Culturales y Altruistas la Familia S\u00e1nchez-Moro edita varias publicaciones que pretenden aportar un valor formativo y cultural a la Sociedad Asturiana e Internacional. Actualmente, se editan una revista acad\u00e9mica y un diario digital. Con una meticulosa atenci\u00f3n al detalle y un compromiso con la excelencia, la [&hellip;]<\/p>\n","protected":false},"author":1,"featured_media":0,"parent":0,"menu_order":0,"comment_status":"closed","ping_status":"closed","template":"","meta":{"footnotes":""},"class_list":["post-33","page","type-page","status-publish","hentry"],"yoast_head":"<!-- This site is optimized with the Yoast SEO plugin v26.4 - https:\/\/yoast.com\/wordpress\/plugins\/seo\/ -->\n<title>Sello Editorial<\/title>\n<meta name=\"description\" content=\"Como parte de sus Fines Culturales y Altruistas la Familia S\u00e1nchez-Moro edita varias publicaciones como aporte a la Sociedad.\" \/>\n<meta name=\"robots\" content=\"index, follow, max-snippet:-1, max-image-preview:large, max-video-preview:-1\" \/>\n<link rel=\"canonical\" href=\"https:\/\/familiasanchezmoro.com\/index.php\/sello-editorial\/\" \/>\n<meta property=\"og:locale\" content=\"en_US\" \/>\n<meta property=\"og:type\" content=\"article\" \/>\n<meta property=\"og:title\" content=\"Sello Editorial\" \/>\n<meta property=\"og:description\" content=\"Como parte de sus Fines Culturales y Altruistas la Familia S\u00e1nchez-Moro edita varias publicaciones como aporte a la Sociedad.\" \/>\n<meta property=\"og:url\" content=\"https:\/\/familiasanchezmoro.com\/index.php\/sello-editorial\/\" \/>\n<meta property=\"og:site_name\" content=\"ASOCIACION FAMILIA SANCHEZ MORO\" \/>\n<meta property=\"article:modified_time\" content=\"2024-02-02T14:01:18+00:00\" \/>\n<meta property=\"og:image\" content=\"https:\/\/familiasanchezmoro.com\/wp-content\/uploads\/2024\/02\/vicepresidente-libro.jpg\" \/>\n<meta name=\"twitter:card\" content=\"summary_large_image\" \/>\n<meta name=\"twitter:label1\" content=\"Est. reading time\" \/>\n\t<meta name=\"twitter:data1\" content=\"2 minutes\" \/>\n<script type=\"application\/ld+json\" class=\"yoast-schema-graph\">{\"@context\":\"https:\/\/schema.org\",\"@graph\":[{\"@type\":\"WebPage\",\"@id\":\"https:\/\/familiasanchezmoro.com\/index.php\/sello-editorial\/\",\"url\":\"https:\/\/familiasanchezmoro.com\/index.php\/sello-editorial\/\",\"name\":\"Sello Editorial\",\"isPartOf\":{\"@id\":\"https:\/\/familiasanchezmoro.com\/#website\"},\"primaryImageOfPage\":{\"@id\":\"https:\/\/familiasanchezmoro.com\/index.php\/sello-editorial\/#primaryimage\"},\"image\":{\"@id\":\"https:\/\/familiasanchezmoro.com\/index.php\/sello-editorial\/#primaryimage\"},\"thumbnailUrl\":\"https:\/\/familiasanchezmoro.com\/wp-content\/uploads\/2024\/02\/vicepresidente-libro.jpg\",\"datePublished\":\"2024-02-02T14:01:17+00:00\",\"dateModified\":\"2024-02-02T14:01:18+00:00\",\"description\":\"Como parte de sus Fines Culturales y Altruistas la Familia S\u00e1nchez-Moro edita varias publicaciones como aporte a la Sociedad.\",\"breadcrumb\":{\"@id\":\"https:\/\/familiasanchezmoro.com\/index.php\/sello-editorial\/#breadcrumb\"},\"inLanguage\":\"en-US\",\"potentialAction\":[{\"@type\":\"ReadAction\",\"target\":[\"https:\/\/familiasanchezmoro.com\/index.php\/sello-editorial\/\"]}]},{\"@type\":\"ImageObject\",\"inLanguage\":\"en-US\",\"@id\":\"https:\/\/familiasanchezmoro.com\/index.php\/sello-editorial\/#primaryimage\",\"url\":\"https:\/\/familiasanchezmoro.com\/wp-content\/uploads\/2024\/02\/vicepresidente-libro.jpg\",\"contentUrl\":\"https:\/\/familiasanchezmoro.com\/wp-content\/uploads\/2024\/02\/vicepresidente-libro.jpg\",\"width\":880,\"height\":495},{\"@type\":\"BreadcrumbList\",\"@id\":\"https:\/\/familiasanchezmoro.com\/index.php\/sello-editorial\/#breadcrumb\",\"itemListElement\":[{\"@type\":\"ListItem\",\"position\":1,\"name\":\"Portada\",\"item\":\"https:\/\/familiasanchezmoro.com\/\"},{\"@type\":\"ListItem\",\"position\":2,\"name\":\"Sello Editorial\"}]},{\"@type\":\"WebSite\",\"@id\":\"https:\/\/familiasanchezmoro.com\/#website\",\"url\":\"https:\/\/familiasanchezmoro.com\/\",\"name\":\"ASOCIACION FAMILIA SANCHEZ MORO\",\"description\":\"Inscrita en el Registro de Asociaciones del Principado de Asturias (Reino de Espa\u00f1a), en 2015.\",\"publisher\":{\"@id\":\"https:\/\/familiasanchezmoro.com\/#organization\"},\"potentialAction\":[{\"@type\":\"SearchAction\",\"target\":{\"@type\":\"EntryPoint\",\"urlTemplate\":\"https:\/\/familiasanchezmoro.com\/?s={search_term_string}\"},\"query-input\":{\"@type\":\"PropertyValueSpecification\",\"valueRequired\":true,\"valueName\":\"search_term_string\"}}],\"inLanguage\":\"en-US\"},{\"@type\":\"Organization\",\"@id\":\"https:\/\/familiasanchezmoro.com\/#organization\",\"name\":\"ASOCIACION FAMILIA SANCHEZ MORO\",\"url\":\"https:\/\/familiasanchezmoro.com\/\",\"logo\":{\"@type\":\"ImageObject\",\"inLanguage\":\"en-US\",\"@id\":\"https:\/\/familiasanchezmoro.com\/#\/schema\/logo\/image\/\",\"url\":\"https:\/\/familiasanchezmoro.com\/wp-content\/uploads\/2024\/01\/emblema-miniatura-sm.jpg\",\"contentUrl\":\"https:\/\/familiasanchezmoro.com\/wp-content\/uploads\/2024\/01\/emblema-miniatura-sm.jpg\",\"width\":300,\"height\":161,\"caption\":\"ASOCIACION FAMILIA SANCHEZ MORO\"},\"image\":{\"@id\":\"https:\/\/familiasanchezmoro.com\/#\/schema\/logo\/image\/\"}}]}<\/script>\n<!-- \/ Yoast SEO plugin. -->","yoast_head_json":{"title":"Sello Editorial","description":"Como parte de sus Fines Culturales y Altruistas la Familia S\u00e1nchez-Moro edita varias publicaciones como aporte a la Sociedad.","robots":{"index":"index","follow":"follow","max-snippet":"max-snippet:-1","max-image-preview":"max-image-preview:large","max-video-preview":"max-video-preview:-1"},"canonical":"https:\/\/familiasanchezmoro.com\/index.php\/sello-editorial\/","og_locale":"en_US","og_type":"article","og_title":"Sello Editorial","og_description":"Como parte de sus Fines Culturales y Altruistas la Familia S\u00e1nchez-Moro edita varias publicaciones como aporte a la Sociedad.","og_url":"https:\/\/familiasanchezmoro.com\/index.php\/sello-editorial\/","og_site_name":"ASOCIACION FAMILIA SANCHEZ MORO","article_modified_time":"2024-02-02T14:01:18+00:00","og_image":[{"url":"https:\/\/familiasanchezmoro.com\/wp-content\/uploads\/2024\/02\/vicepresidente-libro.jpg","type":"","width":"","height":""}],"twitter_card":"summary_large_image","twitter_misc":{"Est. reading time":"2 minutes"},"schema":{"@context":"https:\/\/schema.org","@graph":[{"@type":"WebPage","@id":"https:\/\/familiasanchezmoro.com\/index.php\/sello-editorial\/","url":"https:\/\/familiasanchezmoro.com\/index.php\/sello-editorial\/","name":"Sello Editorial","isPartOf":{"@id":"https:\/\/familiasanchezmoro.com\/#website"},"primaryImageOfPage":{"@id":"https:\/\/familiasanchezmoro.com\/index.php\/sello-editorial\/#primaryimage"},"image":{"@id":"https:\/\/familiasanchezmoro.com\/index.php\/sello-editorial\/#primaryimage"},"thumbnailUrl":"https:\/\/familiasanchezmoro.com\/wp-content\/uploads\/2024\/02\/vicepresidente-libro.jpg","datePublished":"2024-02-02T14:01:17+00:00","dateModified":"2024-02-02T14:01:18+00:00","description":"Como parte de sus Fines Culturales y Altruistas la Familia S\u00e1nchez-Moro edita varias publicaciones como aporte a la Sociedad.","breadcrumb":{"@id":"https:\/\/familiasanchezmoro.com\/index.php\/sello-editorial\/#breadcrumb"},"inLanguage":"en-US","potentialAction":[{"@type":"ReadAction","target":["https:\/\/familiasanchezmoro.com\/index.php\/sello-editorial\/"]}]},{"@type":"ImageObject","inLanguage":"en-US","@id":"https:\/\/familiasanchezmoro.com\/index.php\/sello-editorial\/#primaryimage","url":"https:\/\/familiasanchezmoro.com\/wp-content\/uploads\/2024\/02\/vicepresidente-libro.jpg","contentUrl":"https:\/\/familiasanchezmoro.com\/wp-content\/uploads\/2024\/02\/vicepresidente-libro.jpg","width":880,"height":495},{"@type":"BreadcrumbList","@id":"https:\/\/familiasanchezmoro.com\/index.php\/sello-editorial\/#breadcrumb","itemListElement":[{"@type":"ListItem","position":1,"name":"Portada","item":"https:\/\/familiasanchezmoro.com\/"},{"@type":"ListItem","position":2,"name":"Sello Editorial"}]},{"@type":"WebSite","@id":"https:\/\/familiasanchezmoro.com\/#website","url":"https:\/\/familiasanchezmoro.com\/","name":"ASOCIACION FAMILIA SANCHEZ MORO","description":"Inscrita en el Registro de Asociaciones del Principado de Asturias (Reino de Espa\u00f1a), en 2015.","publisher":{"@id":"https:\/\/familiasanchezmoro.com\/#organization"},"potentialAction":[{"@type":"SearchAction","target":{"@type":"EntryPoint","urlTemplate":"https:\/\/familiasanchezmoro.com\/?s={search_term_string}"},"query-input":{"@type":"PropertyValueSpecification","valueRequired":true,"valueName":"search_term_string"}}],"inLanguage":"en-US"},{"@type":"Organization","@id":"https:\/\/familiasanchezmoro.com\/#organization","name":"ASOCIACION FAMILIA SANCHEZ MORO","url":"https:\/\/familiasanchezmoro.com\/","logo":{"@type":"ImageObject","inLanguage":"en-US","@id":"https:\/\/familiasanchezmoro.com\/#\/schema\/logo\/image\/","url":"https:\/\/familiasanchezmoro.com\/wp-content\/uploads\/2024\/01\/emblema-miniatura-sm.jpg","contentUrl":"https:\/\/familiasanchezmoro.com\/wp-content\/uploads\/2024\/01\/emblema-miniatura-sm.jpg","width":300,"height":161,"caption":"ASOCIACION FAMILIA SANCHEZ MORO"},"image":{"@id":"https:\/\/familiasanchezmoro.com\/#\/schema\/logo\/image\/"}}]}},"_links":{"self":[{"href":"https:\/\/familiasanchezmoro.com\/index.php\/wp-json\/wp\/v2\/pages\/33","targetHints":{"allow":["GET"]}}],"collection":[{"href":"https:\/\/familiasanchezmoro.com\/index.php\/wp-json\/wp\/v2\/pages"}],"about":[{"href":"https:\/\/familiasanchezmoro.com\/index.php\/wp-json\/wp\/v2\/types\/page"}],"author":[{"embeddable":true,"href":"https:\/\/familiasanchezmoro.com\/index.php\/wp-json\/wp\/v2\/users\/1"}],"replies":[{"embeddable":true,"href":"https:\/\/familiasanchezmoro.com\/index.php\/wp-json\/wp\/v2\/comments?post=33"}],"version-history":[{"count":1,"href":"https:\/\/familiasanchezmoro.com\/index.php\/wp-json\/wp\/v2\/pages\/33\/revisions"}],"predecessor-version":[{"id":39,"href":"https:\/\/familiasanchezmoro.com\/index.php\/wp-json\/wp\/v2\/pages\/33\/revisions\/39"}],"wp:attachment":[{"href":"https:\/\/familiasanchezmoro.com\/index.php\/wp-json\/wp\/v2\/media?parent=33"}],"curies":[{"name":"wp","href":"https:\/\/api.w.org\/{rel}","templated":true}]}}