{"id":25,"date":"2024-02-02T13:43:37","date_gmt":"2024-02-02T12:43:37","guid":{"rendered":"https:\/\/familiasanchezmoro.com\/?page_id=25"},"modified":"2024-02-02T13:43:37","modified_gmt":"2024-02-02T12:43:37","slug":"bienvenida","status":"publish","type":"page","link":"https:\/\/familiasanchezmoro.com\/","title":{"rendered":"Bienvenido a nuestra Asociaci\u00f3n Familiar"},"content":{"rendered":"\n<div class=\"wp-block-group alignfull has-global-padding is-layout-constrained wp-container-core-group-is-layout-490fa1db wp-block-group-is-layout-constrained\" style=\"padding-top:var(--wp--preset--spacing--50);padding-right:var(--wp--preset--spacing--50);padding-bottom:var(--wp--preset--spacing--50);padding-left:var(--wp--preset--spacing--50)\">\n<div class=\"wp-block-group has-global-padding is-layout-constrained wp-container-core-group-is-layout-650790e1 wp-block-group-is-layout-constrained\">\n<h1 class=\"wp-block-heading has-text-align-left has-contrast-color has-text-color has-link-color has-x-large-font-size wp-elements-66a6aed119a50ede010b1d3103981c6a\">Est\u00e1s en la Web de la Asociaci\u00f3n Familia S\u00e1nchez-Moro<\/h1>\n\n\n\n<div style=\"height:1.25rem\" aria-hidden=\"true\" class=\"wp-block-spacer\"><\/div>\n\n\n\n<p class=\"has-text-align-center has-contrast-color has-text-color has-link-color wp-elements-7a9e7e0f2ef07604ea7d783c1b5b08c0\"><em>Establecida como una Asociaci\u00f3n sin \u00c1nimo de Lucro, inscrita en el Registro de Asociaciones del Principado de Asturias (Espa\u00f1a)<\/em><\/p>\n\n\n\n<div style=\"height:1.25rem\" aria-hidden=\"true\" class=\"wp-block-spacer\"><\/div>\n\n\n\n<div class=\"wp-block-buttons is-content-justification-center is-layout-flex wp-container-core-buttons-is-layout-a89b3969 wp-block-buttons-is-layout-flex\">\n<div class=\"wp-block-button has-custom-width wp-block-button__width-50 has-custom-font-size has-medium-font-size\"><a class=\"wp-block-button__link wp-element-button\" href=\"https:\/\/familiasanchezmoro.com\/index.php\/sobre-nosotros\/\" target=\"_blank\" rel=\"noreferrer noopener\"><strong>SOBRE NOSOTROS<\/strong><\/a><\/div>\n<\/div>\n<\/div>\n\n\n\n<figure class=\"wp-block-image alignwide size-full is-style-rounded is-style-rounded--1\"><img loading=\"lazy\" decoding=\"async\" width=\"800\" height=\"539\" src=\"https:\/\/familiasanchezmoro.com\/wp-content\/uploads\/2024\/01\/nombramiento-presidenta-honor-sm.png\" alt=\"Presidenta de Honor de la Asociaci\u00f3n Familia S\u00e1nchez-Moro\" class=\"wp-image-9\" srcset=\"https:\/\/familiasanchezmoro.com\/wp-content\/uploads\/2024\/01\/nombramiento-presidenta-honor-sm.png 800w, https:\/\/familiasanchezmoro.com\/wp-content\/uploads\/2024\/01\/nombramiento-presidenta-honor-sm-300x202.png 300w, https:\/\/familiasanchezmoro.com\/wp-content\/uploads\/2024\/01\/nombramiento-presidenta-honor-sm-768x517.png 768w\" sizes=\"auto, (max-width: 800px) 100vw, 800px\" \/><\/figure>\n<\/div>\n\n\n\n<div class=\"wp-block-group alignfull has-base-2-background-color has-background has-global-padding is-layout-constrained wp-container-core-group-is-layout-669513ed wp-block-group-is-layout-constrained\" style=\"margin-top:0;margin-bottom:0;padding-top:var(--wp--preset--spacing--50);padding-right:var(--wp--preset--spacing--50);padding-bottom:var(--wp--preset--spacing--50);padding-left:var(--wp--preset--spacing--50)\">\n<div class=\"wp-block-group is-vertical is-content-justification-center is-layout-flex wp-container-core-group-is-layout-52b864f0 wp-block-group-is-layout-flex\">\n<h2 class=\"wp-block-heading has-text-align-center is-style-asterisk has-contrast-color has-text-color has-link-color wp-elements-cb88180fa42609003800effd33a9d056\">Re\u00fane a los familiares de don Gonzalo S\u00e1nchez y do\u00f1a Lidia Moro<\/h2>\n\n\n\n<div style=\"height:0px\" aria-hidden=\"true\" class=\"wp-block-spacer wp-container-content-4f2ccadb\"><\/div>\n\n\n\n<p class=\"has-text-align-center has-contrast-color has-text-color has-link-color wp-elements-5636c9e2ad8bdc72e4e92679c6563597\">Persigue la preservaci\u00f3n de su legado familiar, el desarrollo de iniciativas culturales y la cooperaci\u00f3n para el desarrollo en Asturias y en Hispanoam\u00e9rica, continuando la labor iniciada por el matrimonio en <\/p>\n\n\n\n<p class=\"has-text-align-center has-contrast-color has-text-color has-link-color wp-elements-3db78b5be1c2109d868fd16105db0cc5\">la d\u00e9cada de 1950 en la Regi\u00f3n del Caribe.<\/p>\n<\/div>\n<\/div>\n\n\n\n<div class=\"wp-block-group alignfull has-base-color has-contrast-background-color has-text-color has-background has-global-padding is-layout-constrained wp-container-core-group-is-layout-ef3d885c wp-block-group-is-layout-constrained\" style=\"margin-top:0;margin-bottom:0;padding-top:var(--wp--preset--spacing--60);padding-right:var(--wp--preset--spacing--60);padding-bottom:var(--wp--preset--spacing--60);padding-left:var(--wp--preset--spacing--60)\">\n<div class=\"wp-block-group has-global-padding is-layout-constrained wp-block-group-is-layout-constrained\">\n<p class=\"has-text-align-center has-base-color has-text-color has-heading-font-family has-x-large-font-size\" style=\"line-height:1.2\"> &#8220;<em>S\u00f3lo un futuro es mejor es posible si se fomenta la cultura, el di\u00e1logo y la comprensi\u00f3n entre las personas&#8221;.<\/em> <\/p>\n\n\n\n<div style=\"height:var(--wp--preset--spacing--10)\" aria-hidden=\"true\" class=\"wp-block-spacer\"><\/div>\n\n\n\n<div class=\"wp-block-group is-vertical is-content-justification-center is-nowrap is-layout-flex wp-container-core-group-is-layout-2dc08cea wp-block-group-is-layout-flex\">\n<p class=\"has-text-align-center has-base-color has-text-color has-link-color wp-elements-b520d15815a74685ca42a04db7f1dbcd\" style=\"margin-top:var(--wp--preset--spacing--10);margin-bottom:0\">Do\u00f1a Lidia S\u00e1nchez Moro<\/p>\n\n\n\n<p class=\"has-text-align-center has-contrast-3-color has-text-color has-small-font-size\" style=\"font-style:normal;font-weight:300\">Presidenta de la Asociaci\u00f3n<\/p>\n<\/div>\n<\/div>\n<\/div>\n\n\n\n<div class=\"wp-block-group alignfull has-global-padding is-layout-constrained wp-container-core-group-is-layout-d89aad35 wp-block-group-is-layout-constrained\" style=\"margin-top:0;margin-bottom:0;padding-top:var(--wp--preset--spacing--50);padding-right:var(--wp--preset--spacing--50);padding-bottom:var(--wp--preset--spacing--50);padding-left:var(--wp--preset--spacing--50)\">\n<div class=\"wp-block-group alignwide has-global-padding is-layout-constrained wp-block-group-is-layout-constrained\">\n<div class=\"wp-block-query alignwide is-layout-flow wp-block-query-is-layout-flow\">\n\n\n<div style=\"height:var(--wp--preset--spacing--30)\" aria-hidden=\"true\" class=\"wp-block-spacer\"><\/div>\n\n\n\n\n<div class=\"wp-block-query-no-results\">\n\n<p><\/p>\n\n<\/div><\/div>\n<\/div>\n<\/div>\n","protected":false},"excerpt":{"rendered":"<p>Est\u00e1s en la Web de la Asociaci\u00f3n Familia S\u00e1nchez-Moro Establecida como una Asociaci\u00f3n sin \u00c1nimo de Lucro, inscrita en el Registro de Asociaciones del Principado de Asturias (Espa\u00f1a) Re\u00fane a los familiares de don Gonzalo S\u00e1nchez y do\u00f1a Lidia Moro Persigue la preservaci\u00f3n de su legado familiar, el desarrollo de iniciativas culturales y la cooperaci\u00f3n [&hellip;]<\/p>\n","protected":false},"author":1,"featured_media":0,"parent":0,"menu_order":0,"comment_status":"closed","ping_status":"closed","template":"","meta":{"footnotes":""},"class_list":["post-25","page","type-page","status-publish","hentry"],"yoast_head":"<!-- This site is optimized with the Yoast SEO plugin v26.4 - https:\/\/yoast.com\/wordpress\/plugins\/seo\/ -->\n<title>Bienvenido a nuestra Asociaci\u00f3n Familiar<\/title>\n<meta name=\"description\" content=\"Re\u00fane a los familiares de don Gonzalo S\u00e1nchez y do\u00f1a Lidia Moro. Persigue la preservaci\u00f3n de su legado familiar.\" \/>\n<meta name=\"robots\" content=\"index, follow, max-snippet:-1, max-image-preview:large, max-video-preview:-1\" \/>\n<link rel=\"canonical\" href=\"https:\/\/familiasanchezmoro.com\/\" \/>\n<meta property=\"og:locale\" content=\"en_US\" \/>\n<meta property=\"og:type\" content=\"article\" \/>\n<meta property=\"og:title\" content=\"Bienvenido a nuestra Asociaci\u00f3n Familiar\" \/>\n<meta property=\"og:description\" content=\"Re\u00fane a los familiares de don Gonzalo S\u00e1nchez y do\u00f1a Lidia Moro. Persigue la preservaci\u00f3n de su legado familiar.\" \/>\n<meta property=\"og:url\" content=\"https:\/\/familiasanchezmoro.com\/\" \/>\n<meta property=\"og:site_name\" content=\"ASOCIACION FAMILIA SANCHEZ MORO\" \/>\n<meta property=\"og:image\" content=\"https:\/\/familiasanchezmoro.com\/wp-content\/uploads\/2024\/01\/nombramiento-presidenta-honor-sm.png\" \/>\n<meta name=\"twitter:card\" content=\"summary_large_image\" \/>\n<meta name=\"twitter:label1\" content=\"Est. reading time\" \/>\n\t<meta name=\"twitter:data1\" content=\"1 minute\" \/>\n<script type=\"application\/ld+json\" class=\"yoast-schema-graph\">{\"@context\":\"https:\/\/schema.org\",\"@graph\":[{\"@type\":\"WebPage\",\"@id\":\"https:\/\/familiasanchezmoro.com\/\",\"url\":\"https:\/\/familiasanchezmoro.com\/\",\"name\":\"Bienvenido a nuestra Asociaci\u00f3n Familiar\",\"isPartOf\":{\"@id\":\"https:\/\/familiasanchezmoro.com\/#website\"},\"primaryImageOfPage\":{\"@id\":\"https:\/\/familiasanchezmoro.com\/#primaryimage\"},\"image\":{\"@id\":\"https:\/\/familiasanchezmoro.com\/#primaryimage\"},\"thumbnailUrl\":\"https:\/\/familiasanchezmoro.com\/wp-content\/uploads\/2024\/01\/nombramiento-presidenta-honor-sm.png\",\"datePublished\":\"2024-02-02T12:43:37+00:00\",\"description\":\"Re\u00fane a los familiares de don Gonzalo S\u00e1nchez y do\u00f1a Lidia Moro. Persigue la preservaci\u00f3n de su legado familiar.\",\"breadcrumb\":{\"@id\":\"https:\/\/familiasanchezmoro.com\/#breadcrumb\"},\"inLanguage\":\"en-US\",\"potentialAction\":[{\"@type\":\"ReadAction\",\"target\":[\"https:\/\/familiasanchezmoro.com\/\"]}]},{\"@type\":\"ImageObject\",\"inLanguage\":\"en-US\",\"@id\":\"https:\/\/familiasanchezmoro.com\/#primaryimage\",\"url\":\"https:\/\/familiasanchezmoro.com\/wp-content\/uploads\/2024\/01\/nombramiento-presidenta-honor-sm.png\",\"contentUrl\":\"https:\/\/familiasanchezmoro.com\/wp-content\/uploads\/2024\/01\/nombramiento-presidenta-honor-sm.png\",\"width\":800,\"height\":539,\"caption\":\"Presidenta de Honor de la Asociaci\u00f3n Familia S\u00e1nchez-Moro\"},{\"@type\":\"BreadcrumbList\",\"@id\":\"https:\/\/familiasanchezmoro.com\/#breadcrumb\",\"itemListElement\":[{\"@type\":\"ListItem\",\"position\":1,\"name\":\"Portada\",\"item\":\"https:\/\/familiasanchezmoro.com\/\"},{\"@type\":\"ListItem\",\"position\":2,\"name\":\"Bienvenido a nuestra Asociaci\u00f3n Familiar\"}]},{\"@type\":\"WebSite\",\"@id\":\"https:\/\/familiasanchezmoro.com\/#website\",\"url\":\"https:\/\/familiasanchezmoro.com\/\",\"name\":\"ASOCIACION FAMILIA SANCHEZ MORO\",\"description\":\"Inscrita en el Registro de Asociaciones del Principado de Asturias (Reino de Espa\u00f1a), en 2015.\",\"publisher\":{\"@id\":\"https:\/\/familiasanchezmoro.com\/#organization\"},\"potentialAction\":[{\"@type\":\"SearchAction\",\"target\":{\"@type\":\"EntryPoint\",\"urlTemplate\":\"https:\/\/familiasanchezmoro.com\/?s={search_term_string}\"},\"query-input\":{\"@type\":\"PropertyValueSpecification\",\"valueRequired\":true,\"valueName\":\"search_term_string\"}}],\"inLanguage\":\"en-US\"},{\"@type\":\"Organization\",\"@id\":\"https:\/\/familiasanchezmoro.com\/#organization\",\"name\":\"ASOCIACION FAMILIA SANCHEZ MORO\",\"url\":\"https:\/\/familiasanchezmoro.com\/\",\"logo\":{\"@type\":\"ImageObject\",\"inLanguage\":\"en-US\",\"@id\":\"https:\/\/familiasanchezmoro.com\/#\/schema\/logo\/image\/\",\"url\":\"https:\/\/familiasanchezmoro.com\/wp-content\/uploads\/2024\/01\/emblema-miniatura-sm.jpg\",\"contentUrl\":\"https:\/\/familiasanchezmoro.com\/wp-content\/uploads\/2024\/01\/emblema-miniatura-sm.jpg\",\"width\":300,\"height\":161,\"caption\":\"ASOCIACION FAMILIA SANCHEZ MORO\"},\"image\":{\"@id\":\"https:\/\/familiasanchezmoro.com\/#\/schema\/logo\/image\/\"}}]}<\/script>\n<!-- \/ Yoast SEO plugin. -->","yoast_head_json":{"title":"Bienvenido a nuestra Asociaci\u00f3n Familiar","description":"Re\u00fane a los familiares de don Gonzalo S\u00e1nchez y do\u00f1a Lidia Moro. Persigue la preservaci\u00f3n de su legado familiar.","robots":{"index":"index","follow":"follow","max-snippet":"max-snippet:-1","max-image-preview":"max-image-preview:large","max-video-preview":"max-video-preview:-1"},"canonical":"https:\/\/familiasanchezmoro.com\/","og_locale":"en_US","og_type":"article","og_title":"Bienvenido a nuestra Asociaci\u00f3n Familiar","og_description":"Re\u00fane a los familiares de don Gonzalo S\u00e1nchez y do\u00f1a Lidia Moro. Persigue la preservaci\u00f3n de su legado familiar.","og_url":"https:\/\/familiasanchezmoro.com\/","og_site_name":"ASOCIACION FAMILIA SANCHEZ MORO","og_image":[{"url":"https:\/\/familiasanchezmoro.com\/wp-content\/uploads\/2024\/01\/nombramiento-presidenta-honor-sm.png","type":"","width":"","height":""}],"twitter_card":"summary_large_image","twitter_misc":{"Est. reading time":"1 minute"},"schema":{"@context":"https:\/\/schema.org","@graph":[{"@type":"WebPage","@id":"https:\/\/familiasanchezmoro.com\/","url":"https:\/\/familiasanchezmoro.com\/","name":"Bienvenido a nuestra Asociaci\u00f3n Familiar","isPartOf":{"@id":"https:\/\/familiasanchezmoro.com\/#website"},"primaryImageOfPage":{"@id":"https:\/\/familiasanchezmoro.com\/#primaryimage"},"image":{"@id":"https:\/\/familiasanchezmoro.com\/#primaryimage"},"thumbnailUrl":"https:\/\/familiasanchezmoro.com\/wp-content\/uploads\/2024\/01\/nombramiento-presidenta-honor-sm.png","datePublished":"2024-02-02T12:43:37+00:00","description":"Re\u00fane a los familiares de don Gonzalo S\u00e1nchez y do\u00f1a Lidia Moro. Persigue la preservaci\u00f3n de su legado familiar.","breadcrumb":{"@id":"https:\/\/familiasanchezmoro.com\/#breadcrumb"},"inLanguage":"en-US","potentialAction":[{"@type":"ReadAction","target":["https:\/\/familiasanchezmoro.com\/"]}]},{"@type":"ImageObject","inLanguage":"en-US","@id":"https:\/\/familiasanchezmoro.com\/#primaryimage","url":"https:\/\/familiasanchezmoro.com\/wp-content\/uploads\/2024\/01\/nombramiento-presidenta-honor-sm.png","contentUrl":"https:\/\/familiasanchezmoro.com\/wp-content\/uploads\/2024\/01\/nombramiento-presidenta-honor-sm.png","width":800,"height":539,"caption":"Presidenta de Honor de la Asociaci\u00f3n Familia S\u00e1nchez-Moro"},{"@type":"BreadcrumbList","@id":"https:\/\/familiasanchezmoro.com\/#breadcrumb","itemListElement":[{"@type":"ListItem","position":1,"name":"Portada","item":"https:\/\/familiasanchezmoro.com\/"},{"@type":"ListItem","position":2,"name":"Bienvenido a nuestra Asociaci\u00f3n Familiar"}]},{"@type":"WebSite","@id":"https:\/\/familiasanchezmoro.com\/#website","url":"https:\/\/familiasanchezmoro.com\/","name":"ASOCIACION FAMILIA SANCHEZ MORO","description":"Inscrita en el Registro de Asociaciones del Principado de Asturias (Reino de Espa\u00f1a), en 2015.","publisher":{"@id":"https:\/\/familiasanchezmoro.com\/#organization"},"potentialAction":[{"@type":"SearchAction","target":{"@type":"EntryPoint","urlTemplate":"https:\/\/familiasanchezmoro.com\/?s={search_term_string}"},"query-input":{"@type":"PropertyValueSpecification","valueRequired":true,"valueName":"search_term_string"}}],"inLanguage":"en-US"},{"@type":"Organization","@id":"https:\/\/familiasanchezmoro.com\/#organization","name":"ASOCIACION FAMILIA SANCHEZ MORO","url":"https:\/\/familiasanchezmoro.com\/","logo":{"@type":"ImageObject","inLanguage":"en-US","@id":"https:\/\/familiasanchezmoro.com\/#\/schema\/logo\/image\/","url":"https:\/\/familiasanchezmoro.com\/wp-content\/uploads\/2024\/01\/emblema-miniatura-sm.jpg","contentUrl":"https:\/\/familiasanchezmoro.com\/wp-content\/uploads\/2024\/01\/emblema-miniatura-sm.jpg","width":300,"height":161,"caption":"ASOCIACION FAMILIA SANCHEZ MORO"},"image":{"@id":"https:\/\/familiasanchezmoro.com\/#\/schema\/logo\/image\/"}}]}},"_links":{"self":[{"href":"https:\/\/familiasanchezmoro.com\/index.php\/wp-json\/wp\/v2\/pages\/25","targetHints":{"allow":["GET"]}}],"collection":[{"href":"https:\/\/familiasanchezmoro.com\/index.php\/wp-json\/wp\/v2\/pages"}],"about":[{"href":"https:\/\/familiasanchezmoro.com\/index.php\/wp-json\/wp\/v2\/types\/page"}],"author":[{"embeddable":true,"href":"https:\/\/familiasanchezmoro.com\/index.php\/wp-json\/wp\/v2\/users\/1"}],"replies":[{"embeddable":true,"href":"https:\/\/familiasanchezmoro.com\/index.php\/wp-json\/wp\/v2\/comments?post=25"}],"version-history":[{"count":1,"href":"https:\/\/familiasanchezmoro.com\/index.php\/wp-json\/wp\/v2\/pages\/25\/revisions"}],"predecessor-version":[{"id":27,"href":"https:\/\/familiasanchezmoro.com\/index.php\/wp-json\/wp\/v2\/pages\/25\/revisions\/27"}],"wp:attachment":[{"href":"https:\/\/familiasanchezmoro.com\/index.php\/wp-json\/wp\/v2\/media?parent=25"}],"curies":[{"name":"wp","href":"https:\/\/api.w.org\/{rel}","templated":true}]}}